{"id":25,"date":"2017-05-17T20:05:52","date_gmt":"2017-05-17T20:05:52","guid":{"rendered":"https:\/\/www.depannagereparation.four-pas-cher.com\/?page_id=25"},"modified":"2019-08-07T09:26:04","modified_gmt":"2019-08-07T07:26:04","slug":"contactez-nous","status":"publish","type":"page","link":"https:\/\/www.depannagereparation.four-pas-cher.com\/?page_id=25","title":{"rendered":"Contactez Nous"},"content":{"rendered":"<div style='text-align:right' class='yasr-auto-insert-overall'><!--Yasr Overall Rating Shortcode--><div class='yasr-custom-text-before-overall' id='yasr-custom-text-before-overall'>4.8 . 158 votes<\/div><div class=\"yasr-overall-rating\"><div class=' yasr-rater-stars'\r\n                           id='yasr-overall-rating-rater-5ef0696a8f08b'\r\n                           data-rating='4.8'\r\n                           data-rater-starsize='16'>\r\n                       <\/div><\/div><!--End Yasr Overall Rating Shortcode--><\/div><p>[vc_section full_width=\u00a0\u00bbstretch_row\u00a0\u00bb][vc_row content_placement=\u00a0\u00bbtop\u00a0\u00bb][vc_column offset=\u00a0\u00bbvc_col-lg-4 vc_col-md-6&Prime;]<div class=\"heading  header-inline color-black transform-header-up   vc_custom_1561299435627 heading-tag-h4\" id=\"like_sc_header_744912320\"><h4 class=\"header\">CONTACTEZ NOUS<\/h4><\/div>[vc_column_text]<strong>Le site est \u00e9dit\u00e9 par NEW DEAL pour le compte de\u00a0 ELECTRO 10COUNT\u00a0<\/strong><\/p>\n<p>40, avenue Gabriel Peri \u2013 94450 LIMEIL BREVANNES<\/p>\n<h4>T\u00e9l\u00e9phone :\u00a0 01.56.73.19.06<\/h4>\n<p>Vous pouvez aussi nous laisser votre num\u00e9ro de t\u00e9l\u00e9phone et \u00eatre rappel\u00e9 gratuitement par notre service vente \u00e9lectrom\u00e9nager<\/p>\n<h5><span style=\"font-weight: bold; color: #ff0000;\">Rappel Imm\u00e9diat et Gratuit<br \/>\n<a href=\"https:\/\/www.electro10count.com\/contact.html\">Cliquez ici\u00a0<\/a><\/span><\/h5>\n<p>Fax : 01.43.82.35.59<br \/>\nE-mail : electro10count@gmail.com[\/vc_column_text]<div class=\"align-default \"><ul class=\"social-icons-list   vc_custom_1561299680464 icon-weight-bold\" id=\"like_sc_header_127724389\"><li class=\"\"><span class=\"fa fa-phone\"><\/span><span class=\"head\">01.56.73.19.06<\/span><\/li><li class=\"\"><span class=\"fa fa-skype\"><\/span><span class=\"head\">ACHAT FOUR PAS CHER<\/span><\/li><li class=\"\"><span class=\"fa fa-map-marker\"><\/span><span class=\"head\">40, AVENUE GABRIEL PERI - 94450 LIMEIL BREVANNES<\/span><\/li><\/ul><\/div><div class=\"align-default \"><ul class=\"social-big icon-weight-bold\" id=\"like_sc_header_1610060852\"><li><a href=\"#\" class=\"fa fa-facebook\"><\/a><\/li><li><a href=\"#\" class=\"fa fa-twitter\"><\/a><\/li><li><a href=\"#\" class=\"fa fa-youtube\"><\/a><\/li><li><a href=\"#\" class=\"fa fa-instagram\"><\/a><\/li><\/ul><\/div>[\/vc_column][vc_column css=\u00a0\u00bb.vc_custom_1518129269758{margin-top: 0px !important;padding-top: 0px !important;background-image: url(https:\/\/www.depannagereparation.four-pas-cher.com\/wp-content\/uploads\/2017\/05\/contact-bg.png?id=2234) !important;background-position: center !important;background-repeat: no-repeat !important;background-size: cover !important;}\u00a0\u00bb offset=\u00a0\u00bbvc_col-lg-4 vc_col-md-6&Prime;]<div class=\"es-resp\">\t<div class=\"hidden-xl hidden-md hidden-sm hidden-ms hidden-xs\" style=\"height: 0px;\"><\/div>\t<div class=\"visible-md\" style=\"height: 0px;\"><\/div>\t<div class=\"visible-sm \" style=\"height: 48px;\"><\/div>\t<div class=\"visible-ms\" style=\"height: 48px;\"><\/div>\t<div class=\"visible-xs\" style=\"height: 48px;\"><\/div><\/div><div class=\"heading  header-inline align-left color-black subcolor-main transform-header-up   vc_custom_1561299761783 heading-tag-h4\" id=\"like_sc_header_804941063\"><h4 class=\"header\">HEURES D'OUVERTURE<\/h4><\/div>[vc_column_text]<span class=\"line-height-2\"><strong>Lundi :<\/strong>\u00a09h30 \u00e0 12h30\u00a0 \u2013 14h00 \u00e0 18h30<br \/>\n<\/span><\/p>\n<p><span class=\"line-height-2\"><strong>Mardi :<\/strong>\u00a09h30 \u00e0 12h30\u00a0 \u2013 14h00 \u00e0 18h30<br \/>\n<strong>Mercredi :<\/strong>\u00a09h30 \u00e0 12h30\u00a0 \u2013 14h00 \u00e0 18h30<br \/>\n<strong>Jeudi :<\/strong>\u00a09h30 \u00e0 12h30\u00a0 \u2013 14h00 \u00e0 18h30<br \/>\n<strong>Vendredi :<\/strong>\u00a09h30 \u00e0 12h30\u00a0 \u2013 14h00 \u00e0 18h30<br \/>\n<strong>Dimanche : Ferm\u00e9<\/strong><\/span>[\/vc_column_text]<div class=\"es-resp\">\t<div class=\"hidden-xl hidden-md hidden-sm hidden-ms hidden-xs\" style=\"height: 28px;\"><\/div>\t<div class=\"visible-md\" style=\"height: 28px;\"><\/div>\t<div class=\"visible-sm \" style=\"height: 28px;\"><\/div>\t<div class=\"visible-ms\" style=\"height: 28px;\"><\/div>\t<div class=\"visible-xs\" style=\"height: 28px;\"><\/div><\/div>[\/vc_column][vc_column offset=\u00a0\u00bbvc_col-lg-4 vc_col-md-12&Prime;]<div class=\"es-resp\">\t<div class=\"hidden-xl hidden-md hidden-sm hidden-ms hidden-xs\" style=\"height: 0px;\"><\/div>\t<div class=\"visible-md\" style=\"height: 0px;\"><\/div>\t<div class=\"visible-sm \" style=\"height: 32px;\"><\/div>\t<div class=\"visible-ms\" style=\"height: 32px;\"><\/div>\t<div class=\"visible-xs\" style=\"height: 32px;\"><\/div><\/div><div class=\"ltx-contact-form-7 transform-default form-center form-gray form-bg-gray form-style-default form-btn-default form-btn-default form-padding-default    vc_custom_1561299796853\" id=\"like_sc_contact_form_7_204241363\">\n<div class=\"wpcf7 no-js\" id=\"wpcf7-f1555-o1\" lang=\"en-US\" dir=\"ltr\">\n<div class=\"screen-reader-response\"><p role=\"status\" aria-live=\"polite\" aria-atomic=\"true\"><\/p> <ul><\/ul><\/div>\n<form action=\"\/index.php?rest_route=%2Fwp%2Fv2%2Fpages%2F25#wpcf7-f1555-o1\" method=\"post\" class=\"wpcf7-form init\" aria-label=\"Contact form\" novalidate=\"novalidate\" data-status=\"init\">\n<div style=\"display: none;\">\n<input type=\"hidden\" name=\"_wpcf7\" value=\"1555\" \/>\n<input type=\"hidden\" name=\"_wpcf7_version\" value=\"5.8.7\" \/>\n<input type=\"hidden\" name=\"_wpcf7_locale\" value=\"en_US\" \/>\n<input type=\"hidden\" name=\"_wpcf7_unit_tag\" value=\"wpcf7-f1555-o1\" \/>\n<input type=\"hidden\" name=\"_wpcf7_container_post\" value=\"0\" \/>\n<input type=\"hidden\" name=\"_wpcf7_posted_data_hash\" value=\"\" \/>\n<\/div>\n<p><label> Nom<br \/>\n<span class=\"wpcf7-form-control-wrap\" data-name=\"your-name\"><input size=\"40\" class=\"wpcf7-form-control wpcf7-text wpcf7-validates-as-required\" aria-required=\"true\" aria-invalid=\"false\" value=\"\" type=\"text\" name=\"your-name\" \/><\/span> <\/label>\n<\/p>\n<p><label> Email<br \/>\n<span class=\"wpcf7-form-control-wrap\" data-name=\"your-email\"><input size=\"40\" class=\"wpcf7-form-control wpcf7-email wpcf7-validates-as-required wpcf7-text wpcf7-validates-as-email\" aria-required=\"true\" aria-invalid=\"false\" value=\"\" type=\"email\" name=\"your-email\" \/><\/span> <\/label>\n<\/p>\n<p><label> Message<br \/>\n<span class=\"wpcf7-form-control-wrap\" data-name=\"your-message\"><textarea cols=\"40\" rows=\"10\" class=\"wpcf7-form-control wpcf7-textarea\" aria-invalid=\"false\" name=\"your-message\"><\/textarea><\/span> <\/label>\n<\/p>\n<p><input class=\"wpcf7-form-control wpcf7-submit has-spinner\" type=\"submit\" value=\"Envoyer\" \/>\n<\/p><div class=\"wpcf7-response-output\" aria-hidden=\"true\"><\/div>\n<\/form>\n<\/div>\n<\/div>[\/vc_column][\/vc_row][vc_row][vc_column][vc_empty_space height=\u00a0\u00bb100px\u00a0\u00bb][\/vc_column][\/vc_row][\/vc_section][vc_row full_width=\u00a0\u00bbstretch_row_content_no_spaces\u00a0\u00bb][vc_column]<div  id=\"like_sc_google_maps_330682604\" data-marker=\"https:\/\/www.depannagereparation.four-pas-cher.com\/wp-content\/themes\/rigardi\/assets\/images\/location.png\" class=\"ltx-google-maps\" data-style=\"yellow\" data-lng=\"-74.1180862\" data-lat=\"40.7058253\" data-zoom=\"11\" style=\"width: 100%; height: 750px;\"><\/div>[\/vc_column][\/vc_row]<\/p>\n","protected":false},"excerpt":{"rendered":"<p>4.8 . 158 votes [vc_section full_width=\u00a0\u00bbstretch_row\u00a0\u00bb][vc_row content_placement=\u00a0\u00bbtop\u00a0\u00bb][vc_column offset=\u00a0\u00bbvc_col-lg-4 vc_col-md-6&Prime;][vc_column_text]Le site est \u00e9dit\u00e9 par NEW DEAL pour le compte de\u00a0 ELECTRO 10COUNT\u00a0 40, avenue Gabriel Peri \u2013 94450 LIMEIL BREVANNES T\u00e9l\u00e9phone :\u00a0 01.56.73.19.06 Vous pouvez aussi nous laisser votre num\u00e9ro de t\u00e9l\u00e9phone et \u00eatre rappel\u00e9 gratuitement par notre service vente \u00e9lectrom\u00e9nager Rappel Imm\u00e9diat et Gratuit Cliquez [&hellip;]<\/p>\n","protected":false},"author":1,"featured_media":0,"parent":0,"menu_order":0,"comment_status":"closed","ping_status":"closed","template":"","meta":{"yasr_overall_rating":4.8,"yasr_post_is_review":"","yasr_auto_insert_disabled":"","yasr_review_type":"Product"},"yoast_head":"<!-- This site is optimized with the Yoast SEO Premium plugin v20.8 (Yoast SEO v21.8.1) - https:\/\/yoast.com\/wordpress\/plugins\/seo\/ -->\n<title>QUEL FOUR ENCASTRABLE PAS CHER CHOISIR - Contactez nous<\/title>\n<meta name=\"description\" content=\"Quel four encastrable Choisir Contactez nous pou savoir comment choisir son four suivant vos crit\u00e8res\" \/>\n<meta name=\"robots\" content=\"index, follow, max-snippet:-1, max-image-preview:large, max-video-preview:-1\" \/>\n<link rel=\"canonical\" href=\"https:\/\/www.depannagereparation.four-pas-cher.com\/?page_id=25\" \/>\n<meta property=\"og:locale\" content=\"fr_FR\" \/>\n<meta property=\"og:type\" content=\"article\" \/>\n<meta property=\"og:title\" content=\"Contactez Nous\" \/>\n<meta property=\"og:description\" content=\"Quel four encastrable Choisir Contactez nous pou savoir comment choisir son four suivant vos crit\u00e8res\" \/>\n<meta property=\"og:url\" content=\"https:\/\/www.depannagereparation.four-pas-cher.com\/?page_id=25\" \/>\n<meta property=\"og:site_name\" content=\"Four pas cher\" \/>\n<meta property=\"article:modified_time\" content=\"2019-08-07T07:26:04+00:00\" \/>\n<meta name=\"twitter:card\" content=\"summary_large_image\" \/>\n<meta name=\"twitter:label1\" content=\"Dur\u00e9e de lecture estim\u00e9e\" \/>\n\t<meta name=\"twitter:data1\" content=\"3 minutes\" \/>\n<script type=\"application\/ld+json\" class=\"yoast-schema-graph\">{\"@context\":\"https:\/\/schema.org\",\"@graph\":[{\"@type\":\"WebPage\",\"@id\":\"https:\/\/www.depannagereparation.four-pas-cher.com\/?page_id=25\",\"url\":\"https:\/\/www.depannagereparation.four-pas-cher.com\/?page_id=25\",\"name\":\"QUEL FOUR ENCASTRABLE PAS CHER CHOISIR - Contactez nous\",\"isPartOf\":{\"@id\":\"https:\/\/www.depannagereparation.four-pas-cher.com\/#website\"},\"datePublished\":\"2017-05-17T20:05:52+00:00\",\"dateModified\":\"2019-08-07T07:26:04+00:00\",\"description\":\"Quel four encastrable Choisir Contactez nous pou savoir comment choisir son four suivant vos crit\u00e8res\",\"breadcrumb\":{\"@id\":\"https:\/\/www.depannagereparation.four-pas-cher.com\/?page_id=25#breadcrumb\"},\"inLanguage\":\"fr-FR\",\"potentialAction\":[{\"@type\":\"ReadAction\",\"target\":[\"https:\/\/www.depannagereparation.four-pas-cher.com\/?page_id=25\"]}]},{\"@type\":\"BreadcrumbList\",\"@id\":\"https:\/\/www.depannagereparation.four-pas-cher.com\/?page_id=25#breadcrumb\",\"itemListElement\":[{\"@type\":\"ListItem\",\"position\":1,\"name\":\"Accueil\",\"item\":\"https:\/\/www.depannagereparation.four-pas-cher.com\/\"},{\"@type\":\"ListItem\",\"position\":2,\"name\":\"Contactez Nous\"}]},{\"@type\":\"WebSite\",\"@id\":\"https:\/\/www.depannagereparation.four-pas-cher.com\/#website\",\"url\":\"https:\/\/www.depannagereparation.four-pas-cher.com\/\",\"name\":\"Four pas cher\",\"description\":\"Sp\u00e9cialiste du Four\",\"potentialAction\":[{\"@type\":\"SearchAction\",\"target\":{\"@type\":\"EntryPoint\",\"urlTemplate\":\"https:\/\/www.depannagereparation.four-pas-cher.com\/?s={search_term_string}\"},\"query-input\":\"required name=search_term_string\"}],\"inLanguage\":\"fr-FR\"},{\"@context\":\"https:\/\/schema.org\/\",\"@type\":\"Product\",\"name\":\"Contactez Nous\",\"description\":\"\",\"image\":{\"@type\":\"ImageObject\",\"url\":\"https:\/\/www.depannagereparation.four-pas-cher.com\/wp-content\/uploads\/2019\/03\/cropped-da1df0f57e4109be3e4965fbd78bf085-icono-de-estufa-el-ctrica-redonda-by-vexels-1.png\",\"width\":512,\"height\":512},\"Review\":{\"@type\":\"Review\",\"name\":\"Contactez Nous\",\"reviewBody\":\"\",\"author\":{\"@type\":\"Person\",\"name\":\"fpc\"},\"datePublished\":\"2017-05-17T20:05:52+02:00\",\"dateModified\":\"2019-08-07T09:26:04+02:00\",\"reviewRating\":{\"@type\":\"Rating\",\"ratingValue\":\"4.8\",\"bestRating\":5,\"worstRating\":1},\"publisher\":{\"@type\":\"Organization\",\"name\":\"Four pas cher\",\"logo\":{\"@type\":\"ImageObject\",\"url\":\"https:\/\/www.depannagereparation.four-pas-cher.com\/wp-content\/uploads\/2019\/03\/cropped-da1df0f57e4109be3e4965fbd78bf085-icono-de-estufa-el-ctrica-redonda-by-vexels-1.png\",\"width\":512,\"height\":512}}},\"brand\":{\"@type\":\"Brand\",\"name\":\"\"},\"sku\":\"\",\"\":\"\"}]}<\/script>\n<!-- \/ Yoast SEO Premium plugin. -->","yoast_head_json":{"title":"QUEL FOUR ENCASTRABLE PAS CHER CHOISIR - Contactez nous","description":"Quel four encastrable Choisir Contactez nous pou savoir comment choisir son four suivant vos crit\u00e8res","robots":{"index":"index","follow":"follow","max-snippet":"max-snippet:-1","max-image-preview":"max-image-preview:large","max-video-preview":"max-video-preview:-1"},"canonical":"https:\/\/www.depannagereparation.four-pas-cher.com\/?page_id=25","og_locale":"fr_FR","og_type":"article","og_title":"Contactez Nous","og_description":"Quel four encastrable Choisir Contactez nous pou savoir comment choisir son four suivant vos crit\u00e8res","og_url":"https:\/\/www.depannagereparation.four-pas-cher.com\/?page_id=25","og_site_name":"Four pas cher","article_modified_time":"2019-08-07T07:26:04+00:00","twitter_card":"summary_large_image","twitter_misc":{"Dur\u00e9e de lecture estim\u00e9e":"3 minutes"},"schema":{"@context":"https:\/\/schema.org","@graph":[{"@type":"WebPage","@id":"https:\/\/www.depannagereparation.four-pas-cher.com\/?page_id=25","url":"https:\/\/www.depannagereparation.four-pas-cher.com\/?page_id=25","name":"QUEL FOUR ENCASTRABLE PAS CHER CHOISIR - Contactez nous","isPartOf":{"@id":"https:\/\/www.depannagereparation.four-pas-cher.com\/#website"},"datePublished":"2017-05-17T20:05:52+00:00","dateModified":"2019-08-07T07:26:04+00:00","description":"Quel four encastrable Choisir Contactez nous pou savoir comment choisir son four suivant vos crit\u00e8res","breadcrumb":{"@id":"https:\/\/www.depannagereparation.four-pas-cher.com\/?page_id=25#breadcrumb"},"inLanguage":"fr-FR","potentialAction":[{"@type":"ReadAction","target":["https:\/\/www.depannagereparation.four-pas-cher.com\/?page_id=25"]}]},{"@type":"BreadcrumbList","@id":"https:\/\/www.depannagereparation.four-pas-cher.com\/?page_id=25#breadcrumb","itemListElement":[{"@type":"ListItem","position":1,"name":"Accueil","item":"https:\/\/www.depannagereparation.four-pas-cher.com\/"},{"@type":"ListItem","position":2,"name":"Contactez Nous"}]},{"@type":"WebSite","@id":"https:\/\/www.depannagereparation.four-pas-cher.com\/#website","url":"https:\/\/www.depannagereparation.four-pas-cher.com\/","name":"Four pas cher","description":"Sp\u00e9cialiste du Four","potentialAction":[{"@type":"SearchAction","target":{"@type":"EntryPoint","urlTemplate":"https:\/\/www.depannagereparation.four-pas-cher.com\/?s={search_term_string}"},"query-input":"required name=search_term_string"}],"inLanguage":"fr-FR"},{"@context":"https:\/\/schema.org\/","@type":"Product","name":"Contactez Nous","description":"","image":{"@type":"ImageObject","url":"https:\/\/www.depannagereparation.four-pas-cher.com\/wp-content\/uploads\/2019\/03\/cropped-da1df0f57e4109be3e4965fbd78bf085-icono-de-estufa-el-ctrica-redonda-by-vexels-1.png","width":512,"height":512},"Review":{"@type":"Review","name":"Contactez Nous","reviewBody":"","author":{"@type":"Person","name":"fpc"},"datePublished":"2017-05-17T20:05:52+02:00","dateModified":"2019-08-07T09:26:04+02:00","reviewRating":{"@type":"Rating","ratingValue":"4.8","bestRating":5,"worstRating":1},"publisher":{"@type":"Organization","name":"Four pas cher","logo":{"@type":"ImageObject","url":"https:\/\/www.depannagereparation.four-pas-cher.com\/wp-content\/uploads\/2019\/03\/cropped-da1df0f57e4109be3e4965fbd78bf085-icono-de-estufa-el-ctrica-redonda-by-vexels-1.png","width":512,"height":512}}},"brand":{"@type":"Brand","name":""},"sku":"","":""}]}},"yasr_visitor_votes":{"stars_attributes":{"read_only":false,"span_bottom":false},"number_of_votes":0,"sum_votes":0},"_links":{"self":[{"href":"https:\/\/www.depannagereparation.four-pas-cher.com\/index.php?rest_route=\/wp\/v2\/pages\/25"}],"collection":[{"href":"https:\/\/www.depannagereparation.four-pas-cher.com\/index.php?rest_route=\/wp\/v2\/pages"}],"about":[{"href":"https:\/\/www.depannagereparation.four-pas-cher.com\/index.php?rest_route=\/wp\/v2\/types\/page"}],"author":[{"embeddable":true,"href":"https:\/\/www.depannagereparation.four-pas-cher.com\/index.php?rest_route=\/wp\/v2\/users\/1"}],"replies":[{"embeddable":true,"href":"https:\/\/www.depannagereparation.four-pas-cher.com\/index.php?rest_route=%2Fwp%2Fv2%2Fcomments&post=25"}],"version-history":[{"count":8,"href":"https:\/\/www.depannagereparation.four-pas-cher.com\/index.php?rest_route=\/wp\/v2\/pages\/25\/revisions"}],"predecessor-version":[{"id":6089,"href":"https:\/\/www.depannagereparation.four-pas-cher.com\/index.php?rest_route=\/wp\/v2\/pages\/25\/revisions\/6089"}],"wp:attachment":[{"href":"https:\/\/www.depannagereparation.four-pas-cher.com\/index.php?rest_route=%2Fwp%2Fv2%2Fmedia&parent=25"}],"curies":[{"name":"wp","href":"https:\/\/api.w.org\/{rel}","templated":true}]}}